{"id":4257,"date":"2025-04-14T14:34:47","date_gmt":"2025-04-14T12:34:47","guid":{"rendered":"https:\/\/mayorpension.sk\/otazky\/"},"modified":"2025-04-23T01:01:52","modified_gmt":"2025-04-22T23:01:52","slug":"kerdesek","status":"publish","type":"page","link":"https:\/\/mayorpension.sk\/hu\/kerdesek\/","title":{"rendered":"K\u00e9rd\u00e9sek"},"content":{"rendered":"\t\t<div data-elementor-type=\"wp-page\" data-elementor-id=\"4257\" class=\"elementor elementor-4257\" data-elementor-post-type=\"page\">\n\t\t\t\t<div class=\"elementor-element elementor-element-28618254 e-flex e-con-boxed e-con e-parent\" data-id=\"28618254\" data-element_type=\"container\" data-settings=\"{&quot;background_background&quot;:&quot;classic&quot;}\">\n\t\t\t\t\t<div class=\"e-con-inner\">\n\t\t\t\t<div class=\"elementor-element elementor-element-498dd75a elementor-widget elementor-widget-heading\" data-id=\"498dd75a\" data-element_type=\"widget\" data-widget_type=\"heading.default\">\n\t\t\t\t<div class=\"elementor-widget-container\">\n\t\t\t\t\t<h1 class=\"elementor-heading-title elementor-size-default\">K\u00e9rd\u00e9sek \u00e9s v\u00e1laszok<\/h1>\t\t\t\t<\/div>\n\t\t\t\t<\/div>\n\t\t<div class=\"elementor-element elementor-element-f96c064 e-con-full e-flex e-con e-child\" data-id=\"f96c064\" data-element_type=\"container\">\n\t\t\t\t<div class=\"elementor-element elementor-element-418e44d2 elementor-widget__width-initial elementor-widget-tablet__width-inherit elementor-widget elementor-widget-toggle\" data-id=\"418e44d2\" data-element_type=\"widget\" data-widget_type=\"toggle.default\">\n\t\t\t\t<div class=\"elementor-widget-container\">\n\t\t\t\t\t\t\t<div class=\"elementor-toggle\">\n\t\t\t\t\t\t\t<div class=\"elementor-toggle-item\">\n\t\t\t\t\t<h4 id=\"elementor-tab-title-1091\" class=\"elementor-tab-title\" data-tab=\"1\" role=\"button\" aria-controls=\"elementor-tab-content-1091\" aria-expanded=\"false\">\n\t\t\t\t\t\t\t\t\t\t\t\t<a class=\"elementor-toggle-title\" tabindex=\"0\">1. Milyen parkol\u00e1si lehet\u0151s\u00e9gek \u00e1llnak rendelkez\u00e9sre?<\/a>\n\t\t\t\t\t<\/h4>\n\n\t\t\t\t\t<div id=\"elementor-tab-content-1091\" class=\"elementor-tab-content elementor-clearfix\" data-tab=\"1\" role=\"region\" aria-labelledby=\"elementor-tab-title-1091\"><p>T\u00e1gas, ingyenes parkol\u00f3hely \u00e1ll rendelkez\u00e9sre a z\u00e1rt, kamerarendszerrel figyelt ter\u00fcleten, amely t\u00f6bb busz sz\u00e1m\u00e1ra is alkalmas. A bel\u00e9p\u00e9st chipk\u00e1rty\u00e1s vagy hozz\u00e1f\u00e9r\u00e9si k\u00f3dos kapu biztos\u00edtja, garant\u00e1lva a maxim\u00e1lis biztons\u00e1got vend\u00e9geink sz\u00e1m\u00e1ra. Term\u00e9szetesen elektromos aut\u00f3k sz\u00e1m\u00e1ra is van t\u00f6lt\u0151\u00e1llom\u00e1s.<\/p><\/div>\n\t\t\t\t<\/div>\n\t\t\t\t\t\t\t<div class=\"elementor-toggle-item\">\n\t\t\t\t\t<h4 id=\"elementor-tab-title-1092\" class=\"elementor-tab-title\" data-tab=\"2\" role=\"button\" aria-controls=\"elementor-tab-content-1092\" aria-expanded=\"false\">\n\t\t\t\t\t\t\t\t\t\t\t\t<a class=\"elementor-toggle-title\" tabindex=\"0\">2. Milyen a Mayor Pension \u00e1ltal\u00e1nos biztons\u00e1ga?<\/a>\n\t\t\t\t\t<\/h4>\n\n\t\t\t\t\t<div id=\"elementor-tab-content-1092\" class=\"elementor-tab-content elementor-clearfix\" data-tab=\"2\" role=\"region\" aria-labelledby=\"elementor-tab-title-1092\">Az eg\u00e9sz \u00e9p\u00fclet, bele\u00e9rtve a ter\u00fcletet \u00e9s a parkol\u00f3t, kamerarendszerrel van felszerelve, amely folyamatos megfigyel\u00e9st biztos\u00edt. Az \u00e9p\u00fclet biztons\u00e1gi szolg\u00e1latra van csatlakoztatva, \u00e9s a szob\u00e1k f\u00fcst\u00e9rz\u00e9kel\u0151kkel vannak ell\u00e1tva. A biztons\u00e1g, bele\u00e9rtve a t\u0171zv\u00e9delmet, szempontj\u00e1b\u00f3l a Mayor Pension minden modern szabv\u00e1nynak megfelel.<\/div>\n\t\t\t\t<\/div>\n\t\t\t\t\t\t\t<div class=\"elementor-toggle-item\">\n\t\t\t\t\t<h4 id=\"elementor-tab-title-1093\" class=\"elementor-tab-title\" data-tab=\"3\" role=\"button\" aria-controls=\"elementor-tab-content-1093\" aria-expanded=\"false\">\n\t\t\t\t\t\t\t\t\t\t\t\t<a class=\"elementor-toggle-title\" tabindex=\"0\">3. K\u00edn\u00e1lnak reggelit a sz\u00e1ll\u00e1son?<\/a>\n\t\t\t\t\t<\/h4>\n\n\t\t\t\t\t<div id=\"elementor-tab-content-1093\" class=\"elementor-tab-content elementor-clearfix\" data-tab=\"3\" role=\"region\" aria-labelledby=\"elementor-tab-title-1093\"><p>A Mayor Pension sz\u00e1ll\u00e1shelyen sajnos nem k\u00edn\u00e1lunk reggelit. Azonban a k\u00f6zeli k\u00f6rny\u00e9ken sz\u00e1mos \u00e9tkez\u00e9si lehet\u0151s\u00e9g tal\u00e1lhat\u00f3.<\/p><\/div>\n\t\t\t\t<\/div>\n\t\t\t\t\t\t\t<div class=\"elementor-toggle-item\">\n\t\t\t\t\t<h4 id=\"elementor-tab-title-1094\" class=\"elementor-tab-title\" data-tab=\"4\" role=\"button\" aria-controls=\"elementor-tab-content-1094\" aria-expanded=\"false\">\n\t\t\t\t\t\t\t\t\t\t\t\t<a class=\"elementor-toggle-title\" tabindex=\"0\">4. Van \u00e9tterem a sz\u00e1ll\u00e1son?<\/a>\n\t\t\t\t\t<\/h4>\n\n\t\t\t\t\t<div id=\"elementor-tab-content-1094\" class=\"elementor-tab-content elementor-clearfix\" data-tab=\"4\" role=\"region\" aria-labelledby=\"elementor-tab-title-1094\"><p>A Mayor Pension sz\u00e1ll\u00e1shelyen nincs \u00e9tterem. Azonban a k\u00f6zelben, mind\u00f6ssze 200 m\u00e9terre a l\u00e9tes\u00edtm\u00e9nyt\u0151l, egy kiv\u00e1l\u00f3 \u00e9tterem tal\u00e1lhat\u00f3. Kom\u00e1rom v\u00e1ros\u00e1ban (4,4 km) sz\u00e9les v\u00e1laszt\u00e9kban el\u00e9rhet\u0151k gasztron\u00f3miai helyek.<\/p><\/div>\n\t\t\t\t<\/div>\n\t\t\t\t\t\t\t<div class=\"elementor-toggle-item\">\n\t\t\t\t\t<h4 id=\"elementor-tab-title-1095\" class=\"elementor-tab-title\" data-tab=\"5\" role=\"button\" aria-controls=\"elementor-tab-content-1095\" aria-expanded=\"false\">\n\t\t\t\t\t\t\t\t\t\t\t\t<a class=\"elementor-toggle-title\" tabindex=\"0\">5. Lehets\u00e9ges h\u00e1zi\u00e1llattal megsz\u00e1llni?<\/a>\n\t\t\t\t\t<\/h4>\n\n\t\t\t\t\t<div id=\"elementor-tab-content-1095\" class=\"elementor-tab-content elementor-clearfix\" data-tab=\"5\" role=\"region\" aria-labelledby=\"elementor-tab-title-1095\"><p>Sajnos, h\u00e1zi\u00e1llattal val\u00f3 tart\u00f3zkod\u00e1s a Mayor Pensionben nem enged\u00e9lyezett.<\/p><\/div>\n\t\t\t\t<\/div>\n\t\t\t\t\t\t\t<div class=\"elementor-toggle-item\">\n\t\t\t\t\t<h4 id=\"elementor-tab-title-1096\" class=\"elementor-tab-title\" data-tab=\"6\" role=\"button\" aria-controls=\"elementor-tab-content-1096\" aria-expanded=\"false\">\n\t\t\t\t\t\t\t\t\t\t\t\t<a class=\"elementor-toggle-title\" tabindex=\"0\">6. El\u00e9rhet\u0151 wellness k\u00f6zpont?<\/a>\n\t\t\t\t\t<\/h4>\n\n\t\t\t\t\t<div id=\"elementor-tab-content-1096\" class=\"elementor-tab-content elementor-clearfix\" data-tab=\"6\" role=\"region\" aria-labelledby=\"elementor-tab-title-1096\"><p>A wellness \u00e9s spa k\u00f6zpont k\u00f6zvetlen\u00fcl a panzi\u00f3ban nem tal\u00e1lhat\u00f3. A legk\u00f6zelebbi \u00e9s legismertebb f\u00fcrd\u0151, a Wellness Patince, mind\u00f6ssze 13 km-re van.<\/p><\/div>\n\t\t\t\t<\/div>\n\t\t\t\t\t\t\t<div class=\"elementor-toggle-item\">\n\t\t\t\t\t<h4 id=\"elementor-tab-title-1097\" class=\"elementor-tab-title\" data-tab=\"7\" role=\"button\" aria-controls=\"elementor-tab-content-1097\" aria-expanded=\"false\">\n\t\t\t\t\t\t\t\t\t\t\t\t<a class=\"elementor-toggle-title\" tabindex=\"0\">7. Milyen felt\u00e9telek vonatkoznak a Wi-Fi kapcsolatra?<\/a>\n\t\t\t\t\t<\/h4>\n\n\t\t\t\t\t<div id=\"elementor-tab-content-1097\" class=\"elementor-tab-content elementor-clearfix\" data-tab=\"7\" role=\"region\" aria-labelledby=\"elementor-tab-title-1097\"><p>Ingyenes Wi-Fi kapcsolat el\u00e9rhet\u0151 a panzi\u00f3 eg\u00e9sz ter\u00fclet\u00e9n \u00e9s udvar\u00e1n.<\/p><\/div>\n\t\t\t\t<\/div>\n\t\t\t\t\t\t\t<div class=\"elementor-toggle-item\">\n\t\t\t\t\t<h4 id=\"elementor-tab-title-1098\" class=\"elementor-tab-title\" data-tab=\"8\" role=\"button\" aria-controls=\"elementor-tab-content-1098\" aria-expanded=\"false\">\n\t\t\t\t\t\t\t\t\t\t\t\t<a class=\"elementor-toggle-title\" tabindex=\"0\">8. Rendelkez\u00e9sre \u00e1ll medence?<\/a>\n\t\t\t\t\t<\/h4>\n\n\t\t\t\t\t<div id=\"elementor-tab-content-1098\" class=\"elementor-tab-content elementor-clearfix\" data-tab=\"8\" role=\"region\" aria-labelledby=\"elementor-tab-title-1098\"><p>A Mayor Pension panzi\u00f3ban nincs medence.<\/p><\/div>\n\t\t\t\t<\/div>\n\t\t\t\t\t\t\t<div class=\"elementor-toggle-item\">\n\t\t\t\t\t<h4 id=\"elementor-tab-title-1099\" class=\"elementor-tab-title\" data-tab=\"9\" role=\"button\" aria-controls=\"elementor-tab-content-1099\" aria-expanded=\"false\">\n\t\t\t\t\t\t\t\t\t\t\t\t<a class=\"elementor-toggle-title\" tabindex=\"0\">9. Rendelkez\u00e9sre \u00e1ll edz\u0151terem?<\/a>\n\t\t\t\t\t<\/h4>\n\n\t\t\t\t\t<div id=\"elementor-tab-content-1099\" class=\"elementor-tab-content elementor-clearfix\" data-tab=\"9\" role=\"region\" aria-labelledby=\"elementor-tab-title-1099\"><p>Edz\u0151terem a Mayor Pension panzi\u00f3ban nem \u00e1ll rendelkez\u00e9sre.<\/p><\/div>\n\t\t\t\t<\/div>\n\t\t\t\t\t\t\t\t<\/div>\n\t\t\t\t\t\t<\/div>\n\t\t\t\t<\/div>\n\t\t\t\t<div class=\"elementor-element elementor-element-3fbe95b1 elementor-widget__width-initial elementor-widget-tablet__width-inherit elementor-widget elementor-widget-toggle\" data-id=\"3fbe95b1\" data-element_type=\"widget\" data-widget_type=\"toggle.default\">\n\t\t\t\t<div class=\"elementor-widget-container\">\n\t\t\t\t\t\t\t<div class=\"elementor-toggle\">\n\t\t\t\t\t\t\t<div class=\"elementor-toggle-item\">\n\t\t\t\t\t<h4 id=\"elementor-tab-title-1061\" class=\"elementor-tab-title\" data-tab=\"1\" role=\"button\" aria-controls=\"elementor-tab-content-1061\" aria-expanded=\"false\">\n\t\t\t\t\t\t\t\t\t\t\t\t<a class=\"elementor-toggle-title\" tabindex=\"0\">10. Sz\u00e1m\u00edthatok a tisztas\u00e1gra?<\/a>\n\t\t\t\t\t<\/h4>\n\n\t\t\t\t\t<div id=\"elementor-tab-content-1061\" class=\"elementor-tab-content elementor-clearfix\" data-tab=\"1\" role=\"region\" aria-labelledby=\"elementor-tab-title-1061\"><p>A Mayor Pension egy \u00fajonnan \u00e9p\u00fclt l\u00e9tes\u00edtm\u00e9ny, ahol maxim\u00e1lis hangs\u00falyt fektet\u00fcnk a tisztas\u00e1gra \u00e9s higi\u00e9ni\u00e1ra. Minden szoba nemdoh\u00e1nyz\u00f3 \u00e9s rendszeresen karbantartott.<\/p><\/div>\n\t\t\t\t<\/div>\n\t\t\t\t\t\t\t<div class=\"elementor-toggle-item\">\n\t\t\t\t\t<h4 id=\"elementor-tab-title-1062\" class=\"elementor-tab-title\" data-tab=\"2\" role=\"button\" aria-controls=\"elementor-tab-content-1062\" aria-expanded=\"false\">\n\t\t\t\t\t\t\t\t\t\t\t\t<a class=\"elementor-toggle-title\" tabindex=\"0\">11. Lehets\u00e9ges csal\u00e1di szob\u00e1t foglalni?<\/a>\n\t\t\t\t\t<\/h4>\n\n\t\t\t\t\t<div id=\"elementor-tab-content-1062\" class=\"elementor-tab-content elementor-clearfix\" data-tab=\"2\" role=\"region\" aria-labelledby=\"elementor-tab-title-1062\"><p>Igen, k\u00edn\u00e1latunkban csal\u00e1di szob\u00e1k is szerepelnek, p\u00e9ld\u00e1ul a \u201eDeluxe k\u00e9t\u00e1gyas szoba p\u00f3t\u00e1ggyal\u201c.<\/p><\/div>\n\t\t\t\t<\/div>\n\t\t\t\t\t\t\t<div class=\"elementor-toggle-item\">\n\t\t\t\t\t<h4 id=\"elementor-tab-title-1063\" class=\"elementor-tab-title\" data-tab=\"3\" role=\"button\" aria-controls=\"elementor-tab-content-1063\" aria-expanded=\"false\">\n\t\t\t\t\t\t\t\t\t\t\t\t<a class=\"elementor-toggle-title\" tabindex=\"0\">12. El\u00e9rhet\u0151k priv\u00e1t f\u00fcrd\u0151szob\u00e1s szob\u00e1k?<\/a>\n\t\t\t\t\t<\/h4>\n\n\t\t\t\t\t<div id=\"elementor-tab-content-1063\" class=\"elementor-tab-content elementor-clearfix\" data-tab=\"3\" role=\"region\" aria-labelledby=\"elementor-tab-title-1063\"><p>Igen, el\u00e9rhet\u0151 a \u201eN\u00e9gy\u00e1gyas szoba (k\u00e9t k\u00fcl\u00f6n h\u00e1l\u00f3szob\u00e1val)\u201c priv\u00e1t f\u00fcrd\u0151szob\u00e1val.<\/p><\/div>\n\t\t\t\t<\/div>\n\t\t\t\t\t\t\t<div class=\"elementor-toggle-item\">\n\t\t\t\t\t<h4 id=\"elementor-tab-title-1064\" class=\"elementor-tab-title\" data-tab=\"4\" role=\"button\" aria-controls=\"elementor-tab-content-1064\" aria-expanded=\"false\">\n\t\t\t\t\t\t\t\t\t\t\t\t<a class=\"elementor-toggle-title\" tabindex=\"0\">13. Milyen t\u00edpus\u00fa szob\u00e1kat k\u00edn\u00e1l a Mayor Pension?<\/a>\n\t\t\t\t\t<\/h4>\n\n\t\t\t\t\t<div id=\"elementor-tab-content-1064\" class=\"elementor-tab-content elementor-clearfix\" data-tab=\"4\" role=\"region\" aria-labelledby=\"elementor-tab-title-1064\"><ul><li>Deluxe k\u00e9t\u00e1gyas szoba p\u00f3t\u00e1ggyal<\/li><li>K\u00e9t k\u00fcl\u00f6n \u00e1ggyal rendelkez\u0151 szoba<\/li><li>N\u00e9gy\u00e1gyas szoba (k\u00e9t k\u00fcl\u00f6n h\u00e1l\u00f3szob\u00e1val \u00e9s priv\u00e1t f\u00fcrd\u0151szob\u00e1val)<\/li><\/ul><\/div>\n\t\t\t\t<\/div>\n\t\t\t\t\t\t\t<div class=\"elementor-toggle-item\">\n\t\t\t\t\t<h4 id=\"elementor-tab-title-1065\" class=\"elementor-tab-title\" data-tab=\"5\" role=\"button\" aria-controls=\"elementor-tab-content-1065\" aria-expanded=\"false\">\n\t\t\t\t\t\t\t\t\t\t\t\t<a class=\"elementor-toggle-title\" tabindex=\"0\">14. Mikor lehets\u00e9ges a be- \u00e9s kijelentkez\u00e9s?<\/a>\n\t\t\t\t\t<\/h4>\n\n\t\t\t\t\t<div id=\"elementor-tab-content-1065\" class=\"elementor-tab-content elementor-clearfix\" data-tab=\"5\" role=\"region\" aria-labelledby=\"elementor-tab-title-1065\"><p>A sz\u00e1ll\u00e1sra 13:00-t\u00f3l lehet \u00e9rkezni, a kijelentkez\u00e9s pedig 11:00-ig lehets\u00e9ges.<\/p><\/div>\n\t\t\t\t<\/div>\n\t\t\t\t\t\t\t<div class=\"elementor-toggle-item\">\n\t\t\t\t\t<h4 id=\"elementor-tab-title-1066\" class=\"elementor-tab-title\" data-tab=\"6\" role=\"button\" aria-controls=\"elementor-tab-content-1066\" aria-expanded=\"false\">\n\t\t\t\t\t\t\t\t\t\t\t\t<a class=\"elementor-toggle-title\" tabindex=\"0\">15. Mennyibe ker\u00fcl a tart\u00f3zkod\u00e1s a Mayor Pension panzi\u00f3ban?<\/a>\n\t\t\t\t\t<\/h4>\n\n\t\t\t\t\t<div id=\"elementor-tab-content-1066\" class=\"elementor-tab-content elementor-clearfix\" data-tab=\"6\" role=\"region\" aria-labelledby=\"elementor-tab-title-1066\"><p>A tart\u00f3zkod\u00e1s \u00e1ra elt\u00e9rhet a d\u00e1tumt\u00f3l \u00e9s a konkr\u00e9t felt\u00e9telekt\u0151l f\u00fcgg\u0151en. Az aktu\u00e1lis \u00e1rak megismer\u00e9s\u00e9hez k\u00e9rj\u00fck, adja meg a tart\u00f3zkod\u00e1s d\u00e1tum\u00e1t az online foglal\u00e1sban.<\/p><\/div>\n\t\t\t\t<\/div>\n\t\t\t\t\t\t\t<div class=\"elementor-toggle-item\">\n\t\t\t\t\t<h4 id=\"elementor-tab-title-1067\" class=\"elementor-tab-title\" data-tab=\"7\" role=\"button\" aria-controls=\"elementor-tab-content-1067\" aria-expanded=\"false\">\n\t\t\t\t\t\t\t\t\t\t\t\t<a class=\"elementor-toggle-title\" tabindex=\"0\">16. Milyen messze van a Mayor Pension a Kom\u00e1rom v\u00e1ros k\u00f6zpontj\u00e1t\u00f3l?<\/a>\n\t\t\t\t\t<\/h4>\n\n\t\t\t\t\t<div id=\"elementor-tab-content-1067\" class=\"elementor-tab-content elementor-clearfix\" data-tab=\"7\" role=\"region\" aria-labelledby=\"elementor-tab-title-1067\"><p>A Mayor Pension panzi\u00f3 4,4 km-re tal\u00e1lhat\u00f3 Kom\u00e1rom v\u00e1rosk\u00f6zpontj\u00e1t\u00f3l.<\/p><\/div>\n\t\t\t\t<\/div>\n\t\t\t\t\t\t\t<div class=\"elementor-toggle-item\">\n\t\t\t\t\t<h4 id=\"elementor-tab-title-1068\" class=\"elementor-tab-title\" data-tab=\"8\" role=\"button\" aria-controls=\"elementor-tab-content-1068\" aria-expanded=\"false\">\n\t\t\t\t\t\t\t\t\t\t\t\t<a class=\"elementor-toggle-title\" tabindex=\"0\">17. Alkalmas a panzi\u00f3 csal\u00e1dok sz\u00e1m\u00e1ra is, gyermekekkel?<\/a>\n\t\t\t\t\t<\/h4>\n\n\t\t\t\t\t<div id=\"elementor-tab-content-1068\" class=\"elementor-tab-content elementor-clearfix\" data-tab=\"8\" role=\"region\" aria-labelledby=\"elementor-tab-title-1068\"><p>Igen, a Mayor Pension n\u00e9pszer\u0171 v\u00e1laszt\u00e1s csal\u00e1di tart\u00f3zkod\u00e1sokhoz. K\u00edn\u00e1latunkban csal\u00e1dok sz\u00e1m\u00e1ra is megfelel\u0151 szob\u00e1k tal\u00e1lhat\u00f3k.<\/p><\/div>\n\t\t\t\t<\/div>\n\t\t\t\t\t\t\t<div class=\"elementor-toggle-item\">\n\t\t\t\t\t<h4 id=\"elementor-tab-title-1069\" class=\"elementor-tab-title\" data-tab=\"9\" role=\"button\" aria-controls=\"elementor-tab-content-1069\" aria-expanded=\"false\">\n\t\t\t\t\t\t\t\t\t\t\t\t<a class=\"elementor-toggle-title\" tabindex=\"0\">18. Lehet\u0151s\u00e9g van hossz\u00fa t\u00e1v\u00fa tart\u00f3zkod\u00e1sra?<\/a>\n\t\t\t\t\t<\/h4>\n\n\t\t\t\t\t<div id=\"elementor-tab-content-1069\" class=\"elementor-tab-content elementor-clearfix\" data-tab=\"9\" role=\"region\" aria-labelledby=\"elementor-tab-title-1069\"><p>Igen, a hossz\u00fa t\u00e1v\u00fa tart\u00f3zkod\u00e1s \u00e1ra \u00e9s felt\u00e9telei egyedileg, megbesz\u00e9l\u00e9s alapj\u00e1n ker\u00fclnek meghat\u00e1roz\u00e1sra.<\/p><\/div>\n\t\t\t\t<\/div>\n\t\t\t\t\t\t\t<div class=\"elementor-toggle-item\">\n\t\t\t\t\t<h4 id=\"elementor-tab-title-10610\" class=\"elementor-tab-title\" data-tab=\"10\" role=\"button\" aria-controls=\"elementor-tab-content-10610\" aria-expanded=\"false\">\n\t\t\t\t\t\t\t\t\t\t\t\t<a class=\"elementor-toggle-title\" tabindex=\"0\">19. Milyen nyelveken besz\u00e9l a szem\u00e9lyzet?<\/a>\n\t\t\t\t\t<\/h4>\n\n\t\t\t\t\t<div id=\"elementor-tab-content-10610\" class=\"elementor-tab-content elementor-clearfix\" data-tab=\"10\" role=\"region\" aria-labelledby=\"elementor-tab-title-10610\"><p>A szem\u00e9lyzet\u00fcnkkel probl\u00e9mamentesen besz\u00e9lhet szlov\u00e1kul, magyarul, n\u00e9met\u00fcl \u00e9s angolul.<\/p><\/div>\n\t\t\t\t<\/div>\n\t\t\t\t\t\t\t\t<\/div>\n\t\t\t\t\t\t<\/div>\n\t\t\t\t<\/div>\n\t\t\t\t<\/div>\n\t\t\t\t\t<\/div>\n\t\t\t\t<\/div>\n\t\t<div class=\"elementor-element elementor-element-77c82cb e-flex e-con-boxed e-con e-parent\" data-id=\"77c82cb\" data-element_type=\"container\">\n\t\t\t\t\t<div class=\"e-con-inner\">\n\t\t\t\t<div class=\"elementor-element elementor-element-4d86963 elementor-widget elementor-widget-text-editor\" data-id=\"4d86963\" data-element_type=\"widget\" data-widget_type=\"text-editor.default\">\n\t\t\t\t<div class=\"elementor-widget-container\">\n\t\t\t\t\t\t\t\t\t<p>Nem tal\u00e1lta meg a v\u00e1laszt? Itt vagyunk, vegye fel vel\u00fcnk a <a style=\"text-decoration: underline;\" href=\"https:\/\/mayorpension.sk\/hu\/kapcsolat\">kapcsolatot<\/a>.<\/p>\t\t\t\t\t\t\t\t<\/div>\n\t\t\t\t<\/div>\n\t\t\t\t\t<\/div>\n\t\t\t\t<\/div>\n\t\t\t\t<\/div>\n\t\t","protected":false},"excerpt":{"rendered":"<p>K\u00e9rd\u00e9sek \u00e9s v\u00e1laszok 1. Milyen parkol\u00e1si lehet\u0151s\u00e9gek \u00e1llnak rendelkez\u00e9sre? T\u00e1gas, ingyenes parkol\u00f3hely \u00e1ll rendelkez\u00e9sre a z\u00e1rt, kamerarendszerrel figyelt ter\u00fcleten, amely t\u00f6bb busz sz\u00e1m\u00e1ra is alkalmas. A bel\u00e9p\u00e9st chipk\u00e1rty\u00e1s vagy hozz\u00e1f\u00e9r\u00e9si k\u00f3dos kapu biztos\u00edtja, garant\u00e1lva a maxim\u00e1lis biztons\u00e1got vend\u00e9geink sz\u00e1m\u00e1ra. Term\u00e9szetesen elektromos aut\u00f3k sz\u00e1m\u00e1ra is van t\u00f6lt\u0151\u00e1llom\u00e1s. 2. Milyen a Mayor Pension \u00e1ltal\u00e1nos biztons\u00e1ga? Az eg\u00e9sz [&hellip;]<\/p>\n","protected":false},"author":1,"featured_media":0,"parent":0,"menu_order":0,"comment_status":"closed","ping_status":"closed","template":"elementor_header_footer","meta":{"inline_featured_image":false,"footnotes":""},"class_list":["post-4257","page","type-page","status-publish","hentry"],"_links":{"self":[{"href":"https:\/\/mayorpension.sk\/hu\/wp-json\/wp\/v2\/pages\/4257","targetHints":{"allow":["GET"]}}],"collection":[{"href":"https:\/\/mayorpension.sk\/hu\/wp-json\/wp\/v2\/pages"}],"about":[{"href":"https:\/\/mayorpension.sk\/hu\/wp-json\/wp\/v2\/types\/page"}],"author":[{"embeddable":true,"href":"https:\/\/mayorpension.sk\/hu\/wp-json\/wp\/v2\/users\/1"}],"replies":[{"embeddable":true,"href":"https:\/\/mayorpension.sk\/hu\/wp-json\/wp\/v2\/comments?post=4257"}],"version-history":[{"count":5,"href":"https:\/\/mayorpension.sk\/hu\/wp-json\/wp\/v2\/pages\/4257\/revisions"}],"predecessor-version":[{"id":4264,"href":"https:\/\/mayorpension.sk\/hu\/wp-json\/wp\/v2\/pages\/4257\/revisions\/4264"}],"wp:attachment":[{"href":"https:\/\/mayorpension.sk\/hu\/wp-json\/wp\/v2\/media?parent=4257"}],"curies":[{"name":"wp","href":"https:\/\/api.w.org\/{rel}","templated":true}]}}