{"id":4223,"date":"2020-11-04T09:28:14","date_gmt":"2020-11-04T08:28:14","guid":{"rendered":"https:\/\/mayorpension.sk\/lobby\/"},"modified":"2025-04-23T00:33:07","modified_gmt":"2025-04-22T22:33:07","slug":"lobby","status":"publish","type":"page","link":"https:\/\/mayorpension.sk\/hu\/lobby\/","title":{"rendered":"Lobby"},"content":{"rendered":"\t\t<div data-elementor-type=\"wp-page\" data-elementor-id=\"4223\" class=\"elementor elementor-4223\" data-elementor-post-type=\"page\">\n\t\t\t\t\t\t<section class=\"elementor-section elementor-top-section elementor-element elementor-element-1bccaa18 elementor-section-content-middle elementor-section-boxed elementor-section-height-default elementor-section-height-default\" data-id=\"1bccaa18\" data-element_type=\"section\" data-settings=\"{&quot;background_background&quot;:&quot;classic&quot;}\">\n\t\t\t\t\t\t\t<div class=\"elementor-background-overlay\"><\/div>\n\t\t\t\t\t\t\t<div class=\"elementor-container elementor-column-gap-default\">\n\t\t\t\t\t<div class=\"elementor-column elementor-col-50 elementor-top-column elementor-element elementor-element-3164d4df\" data-id=\"3164d4df\" data-element_type=\"column\">\n\t\t\t<div class=\"elementor-widget-wrap elementor-element-populated\">\n\t\t\t\t\t\t<div class=\"elementor-element elementor-element-6be4caa9 elementor-widget elementor-widget-image\" data-id=\"6be4caa9\" data-element_type=\"widget\" data-widget_type=\"image.default\">\n\t\t\t\t<div class=\"elementor-widget-container\">\n\t\t\t\t\t\t\t\t\t\t\t\t\t\t\t<img fetchpriority=\"high\" decoding=\"async\" width=\"498\" height=\"472\" src=\"https:\/\/mayorpension.sk\/wp-content\/uploads\/2025\/04\/lobby2.png\" class=\"attachment-full size-full wp-image-3004\" alt=\"\" srcset=\"https:\/\/mayorpension.sk\/wp-content\/uploads\/2025\/04\/lobby2.png 498w, https:\/\/mayorpension.sk\/wp-content\/uploads\/2025\/04\/lobby2-300x284.png 300w, https:\/\/mayorpension.sk\/wp-content\/uploads\/2025\/04\/lobby2-317x300.png 317w\" sizes=\"(max-width: 498px) 100vw, 498px\" \/>\t\t\t\t\t\t\t\t\t\t\t\t\t\t\t<\/div>\n\t\t\t\t<\/div>\n\t\t\t\t\t<\/div>\n\t\t<\/div>\n\t\t\t\t<div class=\"elementor-column elementor-col-50 elementor-top-column elementor-element elementor-element-43bb1fbe\" data-id=\"43bb1fbe\" data-element_type=\"column\">\n\t\t\t<div class=\"elementor-widget-wrap elementor-element-populated\">\n\t\t\t\t\t\t<div class=\"elementor-element elementor-element-77ba4b07 elementor-widget elementor-widget-heading\" data-id=\"77ba4b07\" data-element_type=\"widget\" data-widget_type=\"heading.default\">\n\t\t\t\t<div class=\"elementor-widget-container\">\n\t\t\t\t\t<h3 class=\"elementor-heading-title elementor-size-default\">LOBBY \u2013 T\u00e1gas lobby helyis\u00e9g rendezv\u00e9nyeihez \u00e9s tal\u00e1lkoz\u00f3inakhoz<\/h3>\t\t\t\t<\/div>\n\t\t\t\t<\/div>\n\t\t<div class=\"elementor-element elementor-element-46f73a4a e-con-full e-flex e-con e-parent\" data-id=\"46f73a4a\" data-element_type=\"container\">\n\t\t<div class=\"elementor-element elementor-element-b90e9b7 e-con-full e-flex e-con e-child\" data-id=\"b90e9b7\" data-element_type=\"container\">\n\t\t\t\t<div class=\"elementor-element elementor-element-74ce59a5 elementor-widget elementor-widget-text-editor\" data-id=\"74ce59a5\" data-element_type=\"widget\" data-widget_type=\"text-editor.default\">\n\t\t\t\t<div class=\"elementor-widget-container\">\n\t\t\t\t\t\t\t\t\t<p>A <strong>Mayor Pension<\/strong> sz\u00e1ll\u00e1saink mellett egy nagy, modern \u00e9s t\u00e1gas lobby helyis\u00e9get is k\u00edn\u00e1lunk, amely ide\u00e1lis helysz\u00edn k\u00fcl\u00f6nb\u00f6z\u0151 t\u00e1rsadalmi \u00e9s munkahelyi rendezv\u00e9nyekhez.<\/p><p>A lobby helyis\u00e9g alkalmas:<\/p><ul><li><strong>v\u00e1llalati k\u00e9pz\u00e9sekre \u00e9s bemutat\u00f3kra<\/strong><\/li><li><strong>workshopokra \u00e9s szemin\u00e1riumokra<\/strong><\/li><li><strong>csapat\u00e9p\u00edt\u0151 tev\u00e9kenys\u00e9gekre<\/strong><\/li><li><strong>kisebb csal\u00e1di \u00fcnneps\u00e9gekre \u00e9s tal\u00e1lkoz\u00f3kra<\/strong><\/li><li><strong>\u00fczleti partnerek tal\u00e1lkoz\u00f3ira<\/strong><\/li><li><strong>klubtal\u00e1lkoz\u00f3kra \u00e9s szabadid\u0151s rendezv\u00e9nyekre<\/strong><\/li><\/ul>\t\t\t\t\t\t\t\t<\/div>\n\t\t\t\t<\/div>\n\t\t\t\t<\/div>\n\t\t\t\t<\/div>\n\t\t\t\t\t<\/div>\n\t\t<\/div>\n\t\t\t\t\t<\/div>\n\t\t<\/section>\n\t\t\t\t<section class=\"elementor-section elementor-top-section elementor-element elementor-element-cbfefc2 elementor-section-full_width elementor-section-height-default elementor-section-height-default\" data-id=\"cbfefc2\" data-element_type=\"section\">\n\t\t\t\t\t\t<div class=\"elementor-container elementor-column-gap-no\">\n\t\t\t\t\t<div class=\"elementor-column elementor-col-100 elementor-top-column elementor-element elementor-element-ba7787f\" data-id=\"ba7787f\" data-element_type=\"column\">\n\t\t\t<div class=\"elementor-widget-wrap elementor-element-populated\">\n\t\t\t\t\t\t<div class=\"elementor-element elementor-element-6f39536 autowidth-image-carousel elementor-arrows-position-outside elementor-widget elementor-widget-image-carousel\" data-id=\"6f39536\" data-element_type=\"widget\" data-settings=\"{&quot;navigation&quot;:&quot;arrows&quot;,&quot;slides_to_show&quot;:&quot;3&quot;,&quot;image_spacing_custom&quot;:{&quot;unit&quot;:&quot;px&quot;,&quot;size&quot;:36,&quot;sizes&quot;:[]},&quot;autoplay&quot;:&quot;yes&quot;,&quot;pause_on_hover&quot;:&quot;yes&quot;,&quot;pause_on_interaction&quot;:&quot;yes&quot;,&quot;autoplay_speed&quot;:5000,&quot;infinite&quot;:&quot;yes&quot;,&quot;speed&quot;:500,&quot;image_spacing_custom_widescreen&quot;:{&quot;unit&quot;:&quot;px&quot;,&quot;size&quot;:&quot;&quot;,&quot;sizes&quot;:[]},&quot;image_spacing_custom_laptop&quot;:{&quot;unit&quot;:&quot;px&quot;,&quot;size&quot;:&quot;&quot;,&quot;sizes&quot;:[]},&quot;image_spacing_custom_tablet_extra&quot;:{&quot;unit&quot;:&quot;px&quot;,&quot;size&quot;:&quot;&quot;,&quot;sizes&quot;:[]},&quot;image_spacing_custom_tablet&quot;:{&quot;unit&quot;:&quot;px&quot;,&quot;size&quot;:&quot;&quot;,&quot;sizes&quot;:[]},&quot;image_spacing_custom_mobile_extra&quot;:{&quot;unit&quot;:&quot;px&quot;,&quot;size&quot;:&quot;&quot;,&quot;sizes&quot;:[]},&quot;image_spacing_custom_mobile&quot;:{&quot;unit&quot;:&quot;px&quot;,&quot;size&quot;:&quot;&quot;,&quot;sizes&quot;:[]}}\" data-widget_type=\"image-carousel.default\">\n\t\t\t\t<div class=\"elementor-widget-container\">\n\t\t\t\t\t\t\t<div class=\"elementor-image-carousel-wrapper swiper\" role=\"region\" aria-roledescription=\"carousel\" aria-label=\"Image Carousel\" dir=\"ltr\">\n\t\t\t<div class=\"elementor-image-carousel swiper-wrapper\" aria-live=\"off\">\n\t\t\t\t\t\t\t\t<div class=\"swiper-slide\" role=\"group\" aria-roledescription=\"slide\" aria-label=\"1 of 5\"><figure class=\"swiper-slide-inner\"><img decoding=\"async\" class=\"swiper-slide-image\" src=\"https:\/\/mayorpension.sk\/wp-content\/uploads\/2025\/04\/lg1.jpg\" alt=\"lg1\" \/><\/figure><\/div><div class=\"swiper-slide\" role=\"group\" aria-roledescription=\"slide\" aria-label=\"2 of 5\"><figure class=\"swiper-slide-inner\"><img decoding=\"async\" class=\"swiper-slide-image\" src=\"https:\/\/mayorpension.sk\/wp-content\/uploads\/2025\/04\/lg2.jpg\" alt=\"lg2\" \/><\/figure><\/div><div class=\"swiper-slide\" role=\"group\" aria-roledescription=\"slide\" aria-label=\"3 of 5\"><figure class=\"swiper-slide-inner\"><img decoding=\"async\" class=\"swiper-slide-image\" src=\"https:\/\/mayorpension.sk\/wp-content\/uploads\/2025\/04\/lg3.jpg\" alt=\"lg3\" \/><\/figure><\/div><div class=\"swiper-slide\" role=\"group\" aria-roledescription=\"slide\" aria-label=\"4 of 5\"><figure class=\"swiper-slide-inner\"><img decoding=\"async\" class=\"swiper-slide-image\" src=\"https:\/\/mayorpension.sk\/wp-content\/uploads\/2025\/04\/lg4.jpg\" alt=\"lg4\" \/><\/figure><\/div><div class=\"swiper-slide\" role=\"group\" aria-roledescription=\"slide\" aria-label=\"5 of 5\"><figure class=\"swiper-slide-inner\"><img decoding=\"async\" class=\"swiper-slide-image\" src=\"https:\/\/mayorpension.sk\/wp-content\/uploads\/2025\/04\/lg5.jpg\" alt=\"lg5\" \/><\/figure><\/div>\t\t\t<\/div>\n\t\t\t\t\t\t\t\t\t\t\t\t<div class=\"elementor-swiper-button elementor-swiper-button-prev\" role=\"button\" tabindex=\"0\">\n\t\t\t\t\t\t<svg aria-hidden=\"true\" class=\"e-font-icon-svg e-eicon-chevron-left\" viewBox=\"0 0 1000 1000\" xmlns=\"http:\/\/www.w3.org\/2000\/svg\"><path d=\"M646 125C629 125 613 133 604 142L308 442C296 454 292 471 292 487 292 504 296 521 308 533L604 854C617 867 629 875 646 875 663 875 679 871 692 858 704 846 713 829 713 812 713 796 708 779 692 767L438 487 692 225C700 217 708 204 708 187 708 171 704 154 692 142 675 129 663 125 646 125Z\"><\/path><\/svg>\t\t\t\t\t<\/div>\n\t\t\t\t\t<div class=\"elementor-swiper-button elementor-swiper-button-next\" role=\"button\" tabindex=\"0\">\n\t\t\t\t\t\t<svg aria-hidden=\"true\" class=\"e-font-icon-svg e-eicon-chevron-right\" viewBox=\"0 0 1000 1000\" xmlns=\"http:\/\/www.w3.org\/2000\/svg\"><path d=\"M696 533C708 521 713 504 713 487 713 471 708 454 696 446L400 146C388 133 375 125 354 125 338 125 325 129 313 142 300 154 292 171 292 187 292 204 296 221 308 233L563 492 304 771C292 783 288 800 288 817 288 833 296 850 308 863 321 871 338 875 354 875 371 875 388 867 400 854L696 533Z\"><\/path><\/svg>\t\t\t\t\t<\/div>\n\t\t\t\t\n\t\t\t\t\t\t\t\t\t<\/div>\n\t\t\t\t\t\t<\/div>\n\t\t\t\t<\/div>\n\t\t\t\t\t<\/div>\n\t\t<\/div>\n\t\t\t\t\t<\/div>\n\t\t<\/section>\n\t\t\t\t<section class=\"elementor-section elementor-top-section elementor-element elementor-element-0a3227e elementor-section-boxed elementor-section-height-default elementor-section-height-default\" data-id=\"0a3227e\" data-element_type=\"section\" data-settings=\"{&quot;background_background&quot;:&quot;classic&quot;}\">\n\t\t\t\t\t\t\t<div class=\"elementor-background-overlay\"><\/div>\n\t\t\t\t\t\t\t<div class=\"elementor-container elementor-column-gap-default\">\n\t\t\t\t\t<div class=\"elementor-column elementor-col-50 elementor-top-column elementor-element elementor-element-852e11b\" data-id=\"852e11b\" data-element_type=\"column\" data-settings=\"{&quot;background_background&quot;:&quot;classic&quot;}\">\n\t\t\t<div class=\"elementor-widget-wrap elementor-element-populated\">\n\t\t\t\t\t\t<div class=\"elementor-element elementor-element-5d38600 elementor-widget elementor-widget-heading\" data-id=\"5d38600\" data-element_type=\"widget\" data-widget_type=\"heading.default\">\n\t\t\t\t<div class=\"elementor-widget-container\">\n\t\t\t\t\t<h3 class=\"elementor-heading-title elementor-size-default\">T\u00e1gas \u00e9s felszerelt helyis\u00e9gek k\u00f6zvetlen\u00fcl a panzi\u00f3 ter\u00fclet\u00e9n<\/h3>\t\t\t\t<\/div>\n\t\t\t\t<\/div>\n\t\t\t\t<section class=\"elementor-section elementor-inner-section elementor-element elementor-element-3b01449 elementor-section-boxed elementor-section-height-default elementor-section-height-default\" data-id=\"3b01449\" data-element_type=\"section\">\n\t\t\t\t\t\t<div class=\"elementor-container elementor-column-gap-default\">\n\t\t\t\t\t<div class=\"elementor-column elementor-col-100 elementor-inner-column elementor-element elementor-element-8cb0270\" data-id=\"8cb0270\" data-element_type=\"column\">\n\t\t\t<div class=\"elementor-widget-wrap elementor-element-populated\">\n\t\t\t\t\t\t<div class=\"elementor-element elementor-element-c739d09 elementor-widget elementor-widget-text-editor\" data-id=\"c739d09\" data-element_type=\"widget\" data-widget_type=\"text-editor.default\">\n\t\t\t\t<div class=\"elementor-widget-container\">\n\t\t\t\t\t\t\t\t\t<p>A helyis\u00e9g r\u00e9sze a<strong> k\u00e9nyelmes \u00fcl\u0151helyek, technikai eszk\u00f6z\u00f6k csatlakoztat\u00e1s\u00e1nak lehet\u0151s\u00e9ge<\/strong> \u00e9s egy kellemes, modern k\u00f6rnyezet.<\/p><p>A helyis\u00e9gek eg\u00e9sz \u00e9vben el\u00e9rhet\u0151k, \u00e9s k\u00f6zvetlen\u00fcl a panzi\u00f3 ter\u00fclet\u00e9n tal\u00e1lhat\u00f3k, <strong>k\u00f6nny\u0171 hozz\u00e1f\u00e9r\u00e9ssel minden vend\u00e9g \u00e9s l\u00e1togat\u00f3 sz\u00e1m\u00e1ra.<\/strong><\/p>\t\t\t\t\t\t\t\t<\/div>\n\t\t\t\t<\/div>\n\t\t\t\t\t<\/div>\n\t\t<\/div>\n\t\t\t\t\t<\/div>\n\t\t<\/section>\n\t\t\t\t\t<\/div>\n\t\t<\/div>\n\t\t\t\t<div class=\"elementor-column elementor-col-50 elementor-top-column elementor-element elementor-element-579f415\" data-id=\"579f415\" data-element_type=\"column\" data-settings=\"{&quot;background_background&quot;:&quot;classic&quot;}\">\n\t\t\t<div class=\"elementor-widget-wrap\">\n\t\t\t\t\t\t\t<\/div>\n\t\t<\/div>\n\t\t\t\t\t<\/div>\n\t\t<\/section>\n\t\t\t\t<section class=\"elementor-section elementor-top-section elementor-element elementor-element-edf4b2d elementor-section-boxed elementor-section-height-default elementor-section-height-default\" data-id=\"edf4b2d\" data-element_type=\"section\">\n\t\t\t\t\t\t<div class=\"elementor-container elementor-column-gap-default\">\n\t\t\t\t\t<div class=\"elementor-column elementor-col-50 elementor-top-column elementor-element elementor-element-c2d42df\" data-id=\"c2d42df\" data-element_type=\"column\" data-settings=\"{&quot;background_background&quot;:&quot;classic&quot;}\">\n\t\t\t<div class=\"elementor-widget-wrap elementor-element-populated\">\n\t\t\t\t\t\t<div class=\"elementor-element elementor-element-6d895f7 elementor-widget elementor-widget-image\" data-id=\"6d895f7\" data-element_type=\"widget\" data-widget_type=\"image.default\">\n\t\t\t\t<div class=\"elementor-widget-container\">\n\t\t\t\t\t\t\t\t\t\t\t\t\t\t\t<img decoding=\"async\" width=\"550\" height=\"367\" src=\"https:\/\/mayorpension.sk\/wp-content\/uploads\/2025\/04\/mp_lobby.jpg\" class=\"attachment-large size-large wp-image-3002\" alt=\"\" srcset=\"https:\/\/mayorpension.sk\/wp-content\/uploads\/2025\/04\/mp_lobby.jpg 550w, https:\/\/mayorpension.sk\/wp-content\/uploads\/2025\/04\/mp_lobby-300x200.jpg 300w, https:\/\/mayorpension.sk\/wp-content\/uploads\/2025\/04\/mp_lobby-450x300.jpg 450w\" sizes=\"(max-width: 550px) 100vw, 550px\" \/>\t\t\t\t\t\t\t\t\t\t\t\t\t\t\t<\/div>\n\t\t\t\t<\/div>\n\t\t\t\t\t<\/div>\n\t\t<\/div>\n\t\t\t\t<div class=\"elementor-column elementor-col-50 elementor-top-column elementor-element elementor-element-a4b3120\" data-id=\"a4b3120\" data-element_type=\"column\" data-settings=\"{&quot;background_background&quot;:&quot;classic&quot;}\">\n\t\t\t<div class=\"elementor-widget-wrap elementor-element-populated\">\n\t\t\t\t\t\t<div class=\"elementor-element elementor-element-7a1f6fb elementor-widget elementor-widget-heading\" data-id=\"7a1f6fb\" data-element_type=\"widget\" data-widget_type=\"heading.default\">\n\t\t\t\t<div class=\"elementor-widget-container\">\n\t\t\t\t\t<h3 class=\"elementor-heading-title elementor-size-default\">L\u00e9pjen kapcsolatba vel\u00fcnk<\/h3>\t\t\t\t<\/div>\n\t\t\t\t<\/div>\n\t\t\t\t<div class=\"elementor-element elementor-element-e78ce98 elementor-widget elementor-widget-text-editor\" data-id=\"e78ce98\" data-element_type=\"widget\" data-widget_type=\"text-editor.default\">\n\t\t\t\t<div class=\"elementor-widget-container\">\n\t\t\t\t\t\t\t\t\t<p>Ha \u00e9rdekl\u0151dik a lobby helyis\u00e9g b\u00e9rl\u00e9se ir\u00e1nt, vagy tov\u00e1bbi inform\u00e1ci\u00f3ra van sz\u00fcks\u00e9ge, ne habozzon kapcsolatba l\u00e9pni vel\u00fcnk \u2014 sz\u00edvesen k\u00e9sz\u00edt\u00fcnk \u00d6nnek egy egyedi \u00e1raj\u00e1nlatot az \u00d6n ig\u00e9nyei szerint.<\/p><p><strong>L\u00e9pjen kapcsolatba vel\u00fcnk m\u00e9g ma, \u00e9s rendezze meg rendezv\u00e9ny\u00e9t a Mayor Pension-ban!<\/strong><\/p>\t\t\t\t\t\t\t\t<\/div>\n\t\t\t\t<\/div>\n\t\t\t\t<div class=\"elementor-element elementor-element-36f14a9 elementor-widget elementor-widget-button\" data-id=\"36f14a9\" data-element_type=\"widget\" data-widget_type=\"button.default\">\n\t\t\t\t<div class=\"elementor-widget-container\">\n\t\t\t\t\t\t\t\t\t<div class=\"elementor-button-wrapper\">\n\t\t\t\t\t<a class=\"elementor-button elementor-button-link elementor-size-sm\" href=\"https:\/\/mayorpension.sk\/hu\/kapcsolat\/\">\n\t\t\t\t\t\t<span class=\"elementor-button-content-wrapper\">\n\t\t\t\t\t\t<span class=\"elementor-button-icon\">\n\t\t\t\t<svg aria-hidden=\"true\" class=\"e-font-icon-svg e-fas-chevron-right\" viewBox=\"0 0 320 512\" xmlns=\"http:\/\/www.w3.org\/2000\/svg\"><path d=\"M285.476 272.971L91.132 467.314c-9.373 9.373-24.569 9.373-33.941 0l-22.667-22.667c-9.357-9.357-9.375-24.522-.04-33.901L188.505 256 34.484 101.255c-9.335-9.379-9.317-24.544.04-33.901l22.667-22.667c9.373-9.373 24.569-9.373 33.941 0L285.475 239.03c9.373 9.372 9.373 24.568.001 33.941z\"><\/path><\/svg>\t\t\t<\/span>\n\t\t\t\t\t\t\t\t\t<span class=\"elementor-button-text\">Kapcsolat<\/span>\n\t\t\t\t\t<\/span>\n\t\t\t\t\t<\/a>\n\t\t\t\t<\/div>\n\t\t\t\t\t\t\t\t<\/div>\n\t\t\t\t<\/div>\n\t\t\t\t\t<\/div>\n\t\t<\/div>\n\t\t\t\t\t<\/div>\n\t\t<\/section>\n\t\t\t\t<\/div>\n\t\t","protected":false},"excerpt":{"rendered":"<p>LOBBY \u2013 T\u00e1gas lobby helyis\u00e9g rendezv\u00e9nyeihez \u00e9s tal\u00e1lkoz\u00f3inakhoz A Mayor Pension sz\u00e1ll\u00e1saink mellett egy nagy, modern \u00e9s t\u00e1gas lobby helyis\u00e9get is k\u00edn\u00e1lunk, amely ide\u00e1lis helysz\u00edn k\u00fcl\u00f6nb\u00f6z\u0151 t\u00e1rsadalmi \u00e9s munkahelyi rendezv\u00e9nyekhez. A lobby helyis\u00e9g alkalmas: v\u00e1llalati k\u00e9pz\u00e9sekre \u00e9s bemutat\u00f3kra workshopokra \u00e9s szemin\u00e1riumokra csapat\u00e9p\u00edt\u0151 tev\u00e9kenys\u00e9gekre kisebb csal\u00e1di \u00fcnneps\u00e9gekre \u00e9s tal\u00e1lkoz\u00f3kra \u00fczleti partnerek tal\u00e1lkoz\u00f3ira klubtal\u00e1lkoz\u00f3kra \u00e9s szabadid\u0151s rendezv\u00e9nyekre [&hellip;]<\/p>\n","protected":false},"author":1,"featured_media":0,"parent":0,"menu_order":0,"comment_status":"closed","ping_status":"closed","template":"elementor_header_footer","meta":{"inline_featured_image":false,"footnotes":""},"class_list":["post-4223","page","type-page","status-publish","hentry"],"_links":{"self":[{"href":"https:\/\/mayorpension.sk\/hu\/wp-json\/wp\/v2\/pages\/4223","targetHints":{"allow":["GET"]}}],"collection":[{"href":"https:\/\/mayorpension.sk\/hu\/wp-json\/wp\/v2\/pages"}],"about":[{"href":"https:\/\/mayorpension.sk\/hu\/wp-json\/wp\/v2\/types\/page"}],"author":[{"embeddable":true,"href":"https:\/\/mayorpension.sk\/hu\/wp-json\/wp\/v2\/users\/1"}],"replies":[{"embeddable":true,"href":"https:\/\/mayorpension.sk\/hu\/wp-json\/wp\/v2\/comments?post=4223"}],"version-history":[{"count":10,"href":"https:\/\/mayorpension.sk\/hu\/wp-json\/wp\/v2\/pages\/4223\/revisions"}],"predecessor-version":[{"id":4244,"href":"https:\/\/mayorpension.sk\/hu\/wp-json\/wp\/v2\/pages\/4223\/revisions\/4244"}],"wp:attachment":[{"href":"https:\/\/mayorpension.sk\/hu\/wp-json\/wp\/v2\/media?parent=4223"}],"curies":[{"name":"wp","href":"https:\/\/api.w.org\/{rel}","templated":true}]}}