{"id":4207,"date":"2020-11-04T00:17:25","date_gmt":"2020-11-03T23:17:25","guid":{"rendered":"https:\/\/mayorpension.sk\/o-nas\/"},"modified":"2025-04-23T00:02:28","modified_gmt":"2025-04-22T22:02:28","slug":"rolunk","status":"publish","type":"page","link":"https:\/\/mayorpension.sk\/hu\/rolunk\/","title":{"rendered":"R\u00f3lunk"},"content":{"rendered":"\t\t<div data-elementor-type=\"wp-page\" data-elementor-id=\"4207\" class=\"elementor elementor-4207\" data-elementor-post-type=\"page\">\n\t\t\t\t\t\t<section class=\"elementor-section elementor-top-section elementor-element elementor-element-decc1d8 elementor-section-content-middle elementor-section-boxed elementor-section-height-default elementor-section-height-default\" data-id=\"decc1d8\" data-element_type=\"section\" data-settings=\"{&quot;background_background&quot;:&quot;classic&quot;}\">\n\t\t\t\t\t\t\t<div class=\"elementor-background-overlay\"><\/div>\n\t\t\t\t\t\t\t<div class=\"elementor-container elementor-column-gap-default\">\n\t\t\t\t\t<div class=\"elementor-column elementor-col-50 elementor-top-column elementor-element elementor-element-357911f0\" data-id=\"357911f0\" data-element_type=\"column\">\n\t\t\t<div class=\"elementor-widget-wrap elementor-element-populated\">\n\t\t\t\t\t\t<div class=\"elementor-element elementor-element-3eadcb36 elementor-widget elementor-widget-image\" data-id=\"3eadcb36\" data-element_type=\"widget\" data-widget_type=\"image.default\">\n\t\t\t\t<div class=\"elementor-widget-container\">\n\t\t\t\t\t\t\t\t\t\t\t\t\t\t\t<img fetchpriority=\"high\" decoding=\"async\" width=\"498\" height=\"472\" src=\"https:\/\/mayorpension.sk\/wp-content\/uploads\/2025\/03\/home5a.png\" class=\"attachment-full size-full wp-image-2733\" alt=\"\" srcset=\"https:\/\/mayorpension.sk\/wp-content\/uploads\/2025\/03\/home5a.png 498w, https:\/\/mayorpension.sk\/wp-content\/uploads\/2025\/03\/home5a-300x284.png 300w, https:\/\/mayorpension.sk\/wp-content\/uploads\/2025\/03\/home5a-317x300.png 317w\" sizes=\"(max-width: 498px) 100vw, 498px\" \/>\t\t\t\t\t\t\t\t\t\t\t\t\t\t\t<\/div>\n\t\t\t\t<\/div>\n\t\t\t\t\t<\/div>\n\t\t<\/div>\n\t\t\t\t<div class=\"elementor-column elementor-col-50 elementor-top-column elementor-element elementor-element-299c284b\" data-id=\"299c284b\" data-element_type=\"column\">\n\t\t\t<div class=\"elementor-widget-wrap elementor-element-populated\">\n\t\t\t\t\t\t<div class=\"elementor-element elementor-element-2c94dafa elementor-widget elementor-widget-heading\" data-id=\"2c94dafa\" data-element_type=\"widget\" data-widget_type=\"heading.default\">\n\t\t\t\t<div class=\"elementor-widget-container\">\n\t\t\t\t\t<h3 class=\"elementor-heading-title elementor-size-default\">MAYOR PENSION - k\u00e9nyelmes sz\u00e1ll\u00e1s Kom\u00e1rom k\u00f6zel\u00e9ben<\/h3>\t\t\t\t<\/div>\n\t\t\t\t<\/div>\n\t\t<div class=\"elementor-element elementor-element-ac5d296 e-con-full e-flex e-con e-parent\" data-id=\"ac5d296\" data-element_type=\"container\">\n\t\t<div class=\"elementor-element elementor-element-415903e3 e-con-full e-flex e-con e-child\" data-id=\"415903e3\" data-element_type=\"container\">\n\t\t\t\t<div class=\"elementor-element elementor-element-14cf8cbe elementor-widget elementor-widget-text-editor\" data-id=\"14cf8cbe\" data-element_type=\"widget\" data-widget_type=\"text-editor.default\">\n\t\t\t\t<div class=\"elementor-widget-container\">\n\t\t\t\t\t\t\t\t\t<p><strong>R\u00f6vid- \u00e9s hossz\u00fat\u00e1v\u00fa sz\u00e1ll\u00e1st k\u00edn\u00e1lunk<\/strong> egy <strong>vadonat\u00faj<\/strong>, modern \u00e9s magas felszerelts\u00e9g\u0171 <strong>panzi\u00f3ban<\/strong>, amely <strong>t\u00f6k\u00e9letes v\u00e1laszt\u00e1s c\u00e9ges dolgoz\u00f3k, turist\u00e1k \u00e9s \u00fczleti utaz\u00f3k sz\u00e1m\u00e1ra<\/strong> egyar\u00e1nt.<\/p><p>A <strong data-start=\"271\" data-end=\"288\">Mayor Pension<\/strong> <strong>\u010eulov Dvor telep\u00fcl\u00e9sen (Gyulamajor), Kom\u00e1rom k\u00f6zpontj\u00e1t\u00f3l mind\u00f6ssze 4 km-re<\/strong>, csendes \u00e9s biztons\u00e1gos k\u00f6rnyezetben helyezkedik el. A k\u00e9tszintes, lifttel felszerelt \u00e9p\u00fclet 2024-ben ny\u00edlt meg, \u00e9s maxim\u00e1lis k\u00e9nyelmet, valamint kiv\u00e1l\u00f3 h\u00e1tteret biztos\u00edt egy\u00e9ni vend\u00e9gek \u00e9s csoportok r\u00e9sz\u00e9re is.<\/p>\t\t\t\t\t\t\t\t<\/div>\n\t\t\t\t<\/div>\n\t\t\t\t<\/div>\n\t\t\t\t<\/div>\n\t\t\t\t\t<\/div>\n\t\t<\/div>\n\t\t\t\t\t<\/div>\n\t\t<\/section>\n\t\t\t\t<section class=\"elementor-section elementor-top-section elementor-element elementor-element-c060641 elementor-section-content-middle elementor-section-boxed elementor-section-height-default elementor-section-height-default\" data-id=\"c060641\" data-element_type=\"section\" data-settings=\"{&quot;background_background&quot;:&quot;classic&quot;}\">\n\t\t\t\t\t\t\t<div class=\"elementor-background-overlay\"><\/div>\n\t\t\t\t\t\t\t<div class=\"elementor-container elementor-column-gap-default\">\n\t\t\t\t\t<div class=\"elementor-column elementor-col-50 elementor-top-column elementor-element elementor-element-e6ad76a\" data-id=\"e6ad76a\" data-element_type=\"column\">\n\t\t\t<div class=\"elementor-widget-wrap elementor-element-populated\">\n\t\t\t\t<div class=\"elementor-element elementor-element-43bc235 e-con-full e-flex e-con e-parent\" data-id=\"43bc235\" data-element_type=\"container\">\n\t\t<div class=\"elementor-element elementor-element-71d98a7 e-con-full e-flex e-con e-child\" data-id=\"71d98a7\" data-element_type=\"container\">\n\t\t\t\t<div class=\"elementor-element elementor-element-b8fa2f1 elementor-widget elementor-widget-text-editor\" data-id=\"b8fa2f1\" data-element_type=\"widget\" data-widget_type=\"text-editor.default\">\n\t\t\t\t<div class=\"elementor-widget-container\">\n\t\t\t\t\t\t\t\t\t<h3>Sz\u00e1ll\u00e1sunk felszerelts\u00e9ge<\/h3><ul><li>Kapacit\u00e1s ak\u00e1r <strong>164 \u00e1gy<\/strong><\/li><li><strong>K\u00e9t\u00e1gyas, h\u00e1rom\u00e1gyas \u00e9s n\u00e9gy\u00e1gyas szob\u00e1k k\u00e9t k\u00fcl\u00f6n h\u00e1l\u00f3szob\u00e1val<\/strong><\/li><li>Minden szob\u00e1hoz <strong>saj\u00e1t f\u00fcrd\u0151szoba, konyhasarok, h\u0171t\u0151szekr\u00e9ny, l\u00e9gkondicion\u00e1l\u00f3, TV, \u00edr\u00f3asztal, \u00e1gynem\u0171, t\u00f6r\u00f6lk\u00f6z\u0151k \u00e9s f\u00fcrd\u0151szobai felszerel\u00e9sek<\/strong> tartoznak<\/li><li>Az \u00e9p\u00fcletben akad\u00e1lymentes\u00edtett szob\u00e1k is tal\u00e1lhat\u00f3k<\/li><li><strong>Ingyenes Wi-Fi kapcsolat<\/strong> az eg\u00e9sz \u00e9p\u00fcletben<\/li><li><strong>Takar\u00edt\u00e1si szolg\u00e1ltat\u00e1sok<\/strong> el\u0151re egyeztetett id\u0151pontokban<\/li><\/ul>\t\t\t\t\t\t\t\t<\/div>\n\t\t\t\t<\/div>\n\t\t\t\t<\/div>\n\t\t\t\t<\/div>\n\t\t\t\t\t<\/div>\n\t\t<\/div>\n\t\t\t\t<div class=\"elementor-column elementor-col-50 elementor-top-column elementor-element elementor-element-6f8d049\" data-id=\"6f8d049\" data-element_type=\"column\">\n\t\t\t<div class=\"elementor-widget-wrap elementor-element-populated\">\n\t\t\t\t\t\t<div class=\"elementor-element elementor-element-db2cdee elementor-widget elementor-widget-image\" data-id=\"db2cdee\" data-element_type=\"widget\" data-widget_type=\"image.default\">\n\t\t\t\t<div class=\"elementor-widget-container\">\n\t\t\t\t\t\t\t\t\t\t\t\t\t\t\t<img decoding=\"async\" width=\"535\" height=\"472\" src=\"https:\/\/mayorpension.sk\/wp-content\/uploads\/2025\/03\/home2b.png\" class=\"attachment-full size-full wp-image-2732\" alt=\"\" srcset=\"https:\/\/mayorpension.sk\/wp-content\/uploads\/2025\/03\/home2b.png 535w, https:\/\/mayorpension.sk\/wp-content\/uploads\/2025\/03\/home2b-300x265.png 300w, https:\/\/mayorpension.sk\/wp-content\/uploads\/2025\/03\/home2b-340x300.png 340w\" sizes=\"(max-width: 535px) 100vw, 535px\" \/>\t\t\t\t\t\t\t\t\t\t\t\t\t\t\t<\/div>\n\t\t\t\t<\/div>\n\t\t\t\t\t<\/div>\n\t\t<\/div>\n\t\t\t\t\t<\/div>\n\t\t<\/section>\n\t\t\t\t<section class=\"elementor-section elementor-top-section elementor-element elementor-element-8177b9b elementor-section-boxed elementor-section-height-default elementor-section-height-default\" data-id=\"8177b9b\" data-element_type=\"section\">\n\t\t\t\t\t\t<div class=\"elementor-container elementor-column-gap-default\">\n\t\t\t\t\t<div class=\"elementor-column elementor-col-33 elementor-top-column elementor-element elementor-element-2003bce\" data-id=\"2003bce\" data-element_type=\"column\">\n\t\t\t<div class=\"elementor-widget-wrap elementor-element-populated\">\n\t\t\t\t\t\t<div class=\"elementor-element elementor-element-e42d8ed elementor-widget elementor-widget-heading\" data-id=\"e42d8ed\" data-element_type=\"widget\" data-widget_type=\"heading.default\">\n\t\t\t\t<div class=\"elementor-widget-container\">\n\t\t\t\t\t<h6 class=\"elementor-heading-title elementor-size-default\">Parkovanie a bezpe\u010dnos\u0165<\/h6>\t\t\t\t<\/div>\n\t\t\t\t<\/div>\n\t\t\t\t\t<\/div>\n\t\t<\/div>\n\t\t\t\t<div class=\"elementor-column elementor-col-33 elementor-top-column elementor-element elementor-element-483e43d\" data-id=\"483e43d\" data-element_type=\"column\">\n\t\t\t<div class=\"elementor-widget-wrap elementor-element-populated\">\n\t\t\t\t\t\t<div class=\"elementor-element elementor-element-c3dc33c elementor-widget elementor-widget-text-editor\" data-id=\"c3dc33c\" data-element_type=\"widget\" data-widget_type=\"text-editor.default\">\n\t\t\t\t<div class=\"elementor-widget-container\">\n\t\t\t\t\t\t\t\t\t<p><strong>T\u00e1gas, ingyenes parkol\u00f3 z\u00e1rt \u00e9s kamer\u00e1val megfigyelt ter\u00fcleten<\/strong>, amely t\u00f6bb busz sz\u00e1m\u00e1ra is alkalmas.<\/p>\t\t\t\t\t\t\t\t<\/div>\n\t\t\t\t<\/div>\n\t\t\t\t\t<\/div>\n\t\t<\/div>\n\t\t\t\t<div class=\"elementor-column elementor-col-33 elementor-top-column elementor-element elementor-element-c7f20b5\" data-id=\"c7f20b5\" data-element_type=\"column\">\n\t\t\t<div class=\"elementor-widget-wrap elementor-element-populated\">\n\t\t\t\t\t\t<div class=\"elementor-element elementor-element-8152b94 elementor-widget elementor-widget-text-editor\" data-id=\"8152b94\" data-element_type=\"widget\" data-widget_type=\"text-editor.default\">\n\t\t\t\t<div class=\"elementor-widget-container\">\n\t\t\t\t\t\t\t\t\t<p><strong>A bel\u00e9ptet\u0151 kapu chipk\u00e1rty\u00e1val vagy k\u00f3ddal m\u0171k\u00f6dtetve<\/strong> a vend\u00e9gek maxim\u00e1lis biztons\u00e1ga \u00e9rdek\u00e9ben. Parkol\u00f3nkban elektromos aut\u00f3k t\u00f6lt\u0151\u00e1llom\u00e1sa is tal\u00e1lhat\u00f3.<\/p>\t\t\t\t\t\t\t\t<\/div>\n\t\t\t\t<\/div>\n\t\t\t\t\t<\/div>\n\t\t<\/div>\n\t\t\t\t\t<\/div>\n\t\t<\/section>\n\t\t\t\t<section class=\"elementor-section elementor-top-section elementor-element elementor-element-4c23374 elementor-section-content-middle elementor-section-boxed elementor-section-height-default elementor-section-height-default\" data-id=\"4c23374\" data-element_type=\"section\" data-settings=\"{&quot;background_background&quot;:&quot;classic&quot;}\">\n\t\t\t\t\t\t\t<div class=\"elementor-background-overlay\"><\/div>\n\t\t\t\t\t\t\t<div class=\"elementor-container elementor-column-gap-default\">\n\t\t\t\t\t<div class=\"elementor-column elementor-col-50 elementor-top-column elementor-element elementor-element-ca29a9b\" data-id=\"ca29a9b\" data-element_type=\"column\">\n\t\t\t<div class=\"elementor-widget-wrap elementor-element-populated\">\n\t\t\t\t\t\t<div class=\"elementor-element elementor-element-31e722e elementor-widget elementor-widget-image\" data-id=\"31e722e\" data-element_type=\"widget\" data-widget_type=\"image.default\">\n\t\t\t\t<div class=\"elementor-widget-container\">\n\t\t\t\t\t\t\t\t\t\t\t\t\t\t\t<img decoding=\"async\" width=\"498\" height=\"472\" src=\"https:\/\/mayorpension.sk\/wp-content\/uploads\/2025\/04\/home3.png\" class=\"attachment-full size-full wp-image-2986\" alt=\"\" srcset=\"https:\/\/mayorpension.sk\/wp-content\/uploads\/2025\/04\/home3.png 498w, https:\/\/mayorpension.sk\/wp-content\/uploads\/2025\/04\/home3-300x284.png 300w, https:\/\/mayorpension.sk\/wp-content\/uploads\/2025\/04\/home3-317x300.png 317w\" sizes=\"(max-width: 498px) 100vw, 498px\" \/>\t\t\t\t\t\t\t\t\t\t\t\t\t\t\t<\/div>\n\t\t\t\t<\/div>\n\t\t\t\t\t<\/div>\n\t\t<\/div>\n\t\t\t\t<div class=\"elementor-column elementor-col-50 elementor-top-column elementor-element elementor-element-e3341a4\" data-id=\"e3341a4\" data-element_type=\"column\">\n\t\t\t<div class=\"elementor-widget-wrap elementor-element-populated\">\n\t\t\t\t<div class=\"elementor-element elementor-element-7f4147a e-con-full e-flex e-con e-parent\" data-id=\"7f4147a\" data-element_type=\"container\">\n\t\t<div class=\"elementor-element elementor-element-98a8e40 e-con-full e-flex e-con e-child\" data-id=\"98a8e40\" data-element_type=\"container\">\n\t\t\t\t<div class=\"elementor-element elementor-element-8e0858d elementor-widget elementor-widget-text-editor\" data-id=\"8e0858d\" data-element_type=\"widget\" data-widget_type=\"text-editor.default\">\n\t\t\t\t<div class=\"elementor-widget-container\">\n\t\t\t\t\t\t\t\t\t<h3>K\u00f6zleked\u00e9si el\u00e9rhet\u0151s\u00e9g \u00e9s l\u00e1tnival\u00f3k a k\u00f6rny\u00e9ken<\/h3><p>Elhelyezked\u00e9s\u00e9nek k\u00f6sz\u00f6nhet\u0151en a Mayor Pension kiv\u00e1l\u00f3 el\u00e9rhet\u0151s\u00e9get biztos\u00edt a f\u0151bb turisztikai l\u00e1tnival\u00f3khoz \u00e9s \u00fczleti helysz\u00ednekhez:<\/p><ul><li><strong>Eur\u00f3pa t\u00e9r Kom\u00e1rom<\/strong> \u2013 5 km<\/li><li><strong>Kom\u00e1romi er\u0151drendszer<\/strong> \u2013 5,6 km<\/li><li><strong>Ka\u0161tie\u013e Bel\u00e1<\/strong>\u00a0\u2013 47 km<\/li><li><strong>Gy\u0151r Industrial Park<\/strong>\u00a0\u2013 47 km<\/li><li><strong>Wellness Patince<\/strong> \u2013 13 km<\/li><\/ul>\t\t\t\t\t\t\t\t<\/div>\n\t\t\t\t<\/div>\n\t\t\t\t<\/div>\n\t\t\t\t<\/div>\n\t\t\t\t\t<\/div>\n\t\t<\/div>\n\t\t\t\t\t<\/div>\n\t\t<\/section>\n\t\t\t\t<section class=\"elementor-section elementor-top-section elementor-element elementor-element-fffc963 elementor-section-boxed elementor-section-height-default elementor-section-height-default\" data-id=\"fffc963\" data-element_type=\"section\">\n\t\t\t\t\t\t<div class=\"elementor-container elementor-column-gap-default\">\n\t\t\t\t\t<div class=\"elementor-column elementor-col-33 elementor-top-column elementor-element elementor-element-d53130a\" data-id=\"d53130a\" data-element_type=\"column\">\n\t\t\t<div class=\"elementor-widget-wrap elementor-element-populated\">\n\t\t\t\t\t\t<div class=\"elementor-element elementor-element-872cbd5 elementor-widget elementor-widget-heading\" data-id=\"872cbd5\" data-element_type=\"widget\" data-widget_type=\"heading.default\">\n\t\t\t\t<div class=\"elementor-widget-container\">\n\t\t\t\t\t<h6 class=\"elementor-heading-title elementor-size-default\">\nRep\u00fcl\u0151terek \u00e9s nagyobb v\u00e1rosok a k\u00f6zelben<\/h6>\t\t\t\t<\/div>\n\t\t\t\t<\/div>\n\t\t\t\t\t<\/div>\n\t\t<\/div>\n\t\t\t\t<div class=\"elementor-column elementor-col-33 elementor-top-column elementor-element elementor-element-e7b32f6\" data-id=\"e7b32f6\" data-element_type=\"column\">\n\t\t\t<div class=\"elementor-widget-wrap elementor-element-populated\">\n\t\t\t\t\t\t<div class=\"elementor-element elementor-element-f4f1932 elementor-widget elementor-widget-text-editor\" data-id=\"f4f1932\" data-element_type=\"widget\" data-widget_type=\"text-editor.default\">\n\t\t\t\t<div class=\"elementor-widget-container\">\n\t\t\t\t\t\t\t\t\t<ul><li><strong>Ferenc Liszt nemzetk\u00f6zi rep\u00fcl\u0151t\u00e9r Budapest<\/strong>\u2013 112 km<\/li><li><strong>M. R. \u0160tef\u00e1nik nemzetk\u00f6zi rep\u00fcl\u0151t\u00e9r Bratislava<\/strong>\u00a0\u2013 107 km<\/li><li><strong>B\u00e9cs-Schwechat nemzetk\u00f6zi rep\u00fcl\u0151t\u00e9r<\/strong> \u2013 140 km<\/li><\/ul>\t\t\t\t\t\t\t\t<\/div>\n\t\t\t\t<\/div>\n\t\t\t\t\t<\/div>\n\t\t<\/div>\n\t\t\t\t<div class=\"elementor-column elementor-col-33 elementor-top-column elementor-element elementor-element-5fad4a9\" data-id=\"5fad4a9\" data-element_type=\"column\">\n\t\t\t<div class=\"elementor-widget-wrap elementor-element-populated\">\n\t\t\t\t\t\t<div class=\"elementor-element elementor-element-076c295 elementor-widget elementor-widget-text-editor\" data-id=\"076c295\" data-element_type=\"widget\" data-widget_type=\"text-editor.default\">\n\t\t\t\t<div class=\"elementor-widget-container\">\n\t\t\t\t\t\t\t\t\t<ul><li><strong>Budapest<\/strong>\u00a0\u2013 112 km<\/li><li><strong>Bratislava\/Pozsony<\/strong>\u00a0\u2013 107 km<\/li><li><strong>Viede\u0148\/B\u00e9cs<\/strong> \u2013 140 km<\/li><\/ul>\t\t\t\t\t\t\t\t<\/div>\n\t\t\t\t<\/div>\n\t\t\t\t\t<\/div>\n\t\t<\/div>\n\t\t\t\t\t<\/div>\n\t\t<\/section>\n\t\t\t\t<\/div>\n\t\t","protected":false},"excerpt":{"rendered":"<p>MAYOR PENSION &#8211; k\u00e9nyelmes sz\u00e1ll\u00e1s Kom\u00e1rom k\u00f6zel\u00e9ben R\u00f6vid- \u00e9s hossz\u00fat\u00e1v\u00fa sz\u00e1ll\u00e1st k\u00edn\u00e1lunk egy vadonat\u00faj, modern \u00e9s magas felszerelts\u00e9g\u0171 panzi\u00f3ban, amely t\u00f6k\u00e9letes v\u00e1laszt\u00e1s c\u00e9ges dolgoz\u00f3k, turist\u00e1k \u00e9s \u00fczleti utaz\u00f3k sz\u00e1m\u00e1ra egyar\u00e1nt. A Mayor Pension \u010eulov Dvor telep\u00fcl\u00e9sen (Gyulamajor), Kom\u00e1rom k\u00f6zpontj\u00e1t\u00f3l mind\u00f6ssze 4 km-re, csendes \u00e9s biztons\u00e1gos k\u00f6rnyezetben helyezkedik el. A k\u00e9tszintes, lifttel felszerelt \u00e9p\u00fclet 2024-ben ny\u00edlt [&hellip;]<\/p>\n","protected":false},"author":1,"featured_media":0,"parent":0,"menu_order":0,"comment_status":"closed","ping_status":"closed","template":"elementor_header_footer","meta":{"inline_featured_image":false,"footnotes":""},"class_list":["post-4207","page","type-page","status-publish","hentry"],"_links":{"self":[{"href":"https:\/\/mayorpension.sk\/hu\/wp-json\/wp\/v2\/pages\/4207","targetHints":{"allow":["GET"]}}],"collection":[{"href":"https:\/\/mayorpension.sk\/hu\/wp-json\/wp\/v2\/pages"}],"about":[{"href":"https:\/\/mayorpension.sk\/hu\/wp-json\/wp\/v2\/types\/page"}],"author":[{"embeddable":true,"href":"https:\/\/mayorpension.sk\/hu\/wp-json\/wp\/v2\/users\/1"}],"replies":[{"embeddable":true,"href":"https:\/\/mayorpension.sk\/hu\/wp-json\/wp\/v2\/comments?post=4207"}],"version-history":[{"count":8,"href":"https:\/\/mayorpension.sk\/hu\/wp-json\/wp\/v2\/pages\/4207\/revisions"}],"predecessor-version":[{"id":4221,"href":"https:\/\/mayorpension.sk\/hu\/wp-json\/wp\/v2\/pages\/4207\/revisions\/4221"}],"wp:attachment":[{"href":"https:\/\/mayorpension.sk\/hu\/wp-json\/wp\/v2\/media?parent=4207"}],"curies":[{"name":"wp","href":"https:\/\/api.w.org\/{rel}","templated":true}]}}